{"id":133,"date":"2016-11-02T00:37:35","date_gmt":"2016-11-01T22:37:35","guid":{"rendered":"http:\/\/feuerwehr.feuerwehr-juetrichau.de\/?page_id=133"},"modified":"2020-08-03T14:55:31","modified_gmt":"2020-08-03T12:55:31","slug":"mzf","status":"publish","type":"page","link":"https:\/\/feuerwehr-juetrichau.de\/?page_id=133","title":{"rendered":"MZF"},"content":{"rendered":"\n<figure class=\"wp-block-gallery columns-2 is-cropped wp-block-gallery-1 is-layout-flex wp-block-gallery-is-layout-flex\"><ul class=\"blocks-gallery-grid\"><li class=\"blocks-gallery-item\"><figure><a href=\"https:\/\/feuerwehr-juetrichau.de\/wp-content\/uploads\/2017\/01\/Fahrzeug-11.jpg\"><img loading=\"lazy\" decoding=\"async\" width=\"230\" height=\"173\" src=\"https:\/\/feuerwehr-juetrichau.de\/wp-content\/uploads\/2017\/01\/Fahrzeug-11.jpg\" alt=\"\" data-id=\"199\" data-full-url=\"https:\/\/feuerwehr-juetrichau.de\/wp-content\/uploads\/2017\/01\/Fahrzeug-11.jpg\" data-link=\"https:\/\/feuerwehr-juetrichau.de\/?attachment_id=199\" class=\"wp-image-199\"\/><\/a><\/figure><\/li><li class=\"blocks-gallery-item\"><figure><a href=\"https:\/\/feuerwehr-juetrichau.de\/wp-content\/uploads\/2017\/01\/Fahrzeug-3.jpg\"><img loading=\"lazy\" decoding=\"async\" width=\"230\" height=\"173\" src=\"https:\/\/feuerwehr-juetrichau.de\/wp-content\/uploads\/2017\/01\/Fahrzeug-3.jpg\" alt=\"\" data-id=\"191\" data-full-url=\"https:\/\/feuerwehr-juetrichau.de\/wp-content\/uploads\/2017\/01\/Fahrzeug-3.jpg\" data-link=\"https:\/\/feuerwehr-juetrichau.de\/?attachment_id=191\" class=\"wp-image-191\"\/><\/a><\/figure><\/li><li class=\"blocks-gallery-item\"><figure><a href=\"https:\/\/feuerwehr-juetrichau.de\/wp-content\/uploads\/2017\/01\/Fahrzeug.jpg\"><img loading=\"lazy\" decoding=\"async\" width=\"230\" height=\"173\" src=\"https:\/\/feuerwehr-juetrichau.de\/wp-content\/uploads\/2017\/01\/Fahrzeug.jpg\" alt=\"\" data-id=\"209\" data-full-url=\"https:\/\/feuerwehr-juetrichau.de\/wp-content\/uploads\/2017\/01\/Fahrzeug.jpg\" data-link=\"https:\/\/feuerwehr-juetrichau.de\/?attachment_id=209\" class=\"wp-image-209\"\/><\/a><\/figure><\/li><li class=\"blocks-gallery-item\"><figure><a href=\"https:\/\/feuerwehr-juetrichau.de\/wp-content\/uploads\/2017\/01\/Fahrzeug-7.jpg\"><img loading=\"lazy\" decoding=\"async\" width=\"230\" height=\"173\" src=\"https:\/\/feuerwehr-juetrichau.de\/wp-content\/uploads\/2017\/01\/Fahrzeug-7.jpg\" alt=\"\" data-id=\"195\" data-full-url=\"https:\/\/feuerwehr-juetrichau.de\/wp-content\/uploads\/2017\/01\/Fahrzeug-7.jpg\" data-link=\"https:\/\/feuerwehr-juetrichau.de\/?attachment_id=195\" class=\"wp-image-195\"\/><\/a><\/figure><\/li><\/ul><\/figure>\n\n\n\n<p><strong>Ausstattung MZF<\/strong><\/p>\n\n\n\n<p><span class=\"Stil1\">Fahrgestell:<\/span> VW Crafter<br><span class=\"Stil1\">Aufbau:<\/span> FAKA Zerbst<\/p>\n\n\n\n<ul class=\"wp-block-list\"><li>Gruppenfahrzeug<\/li><li>Arbeitsplatz mit Funk<\/li><li>Klapptisch und Einsatzunterlagen<\/li><li>LED Innenbeleuchtung f\u00fcr Ger\u00e4teraum und Mannschaftsraum<\/li><li>Stromerzeuger 3,5 KVA mit Stativ und Arbeitsstellenscheinwerfer<\/li><li>Kettens\u00e4ge<\/li><li>Watiefel<\/li><li>Schmutzwasserzwasserpumpe<\/li><li>Verkehrssicherungsmittel<\/li><li>\u00d6lbindemittel<\/li><li>2 Pressluftatemschutzger\u00e4te<\/li><li>Erste Hilfe Notfalltasche<\/li><li>6 Handsprechfunkger\u00e4te<\/li><li>4 Handscheinwerfer<\/li><\/ul>\n","protected":false},"excerpt":{"rendered":"<p>Ausstattung MZF Fahrgestell: VW CrafterAufbau: FAKA Zerbst Gruppenfahrzeug Arbeitsplatz mit Funk Klapptisch und Einsatzunterlagen LED Innenbeleuchtung f\u00fcr Ger\u00e4teraum und Mannschaftsraum Stromerzeuger 3,5 KVA mit Stativ und Arbeitsstellenscheinwerfer Kettens\u00e4ge Watiefel Schmutzwasserzwasserpumpe Verkehrssicherungsmittel \u00d6lbindemittel 2 Pressluftatemschutzger\u00e4te Erste Hilfe Notfalltasche 6 Handsprechfunkger\u00e4te 4 Handscheinwerfer<\/p>\n","protected":false},"author":1,"featured_media":0,"parent":0,"menu_order":0,"comment_status":"closed","ping_status":"closed","template":"","meta":{"footnotes":""},"class_list":["post-133","page","type-page","status-publish","hentry"],"_links":{"self":[{"href":"https:\/\/feuerwehr-juetrichau.de\/index.php?rest_route=\/wp\/v2\/pages\/133","targetHints":{"allow":["GET"]}}],"collection":[{"href":"https:\/\/feuerwehr-juetrichau.de\/index.php?rest_route=\/wp\/v2\/pages"}],"about":[{"href":"https:\/\/feuerwehr-juetrichau.de\/index.php?rest_route=\/wp\/v2\/types\/page"}],"author":[{"embeddable":true,"href":"https:\/\/feuerwehr-juetrichau.de\/index.php?rest_route=\/wp\/v2\/users\/1"}],"replies":[{"embeddable":true,"href":"https:\/\/feuerwehr-juetrichau.de\/index.php?rest_route=%2Fwp%2Fv2%2Fcomments&post=133"}],"version-history":[{"count":5,"href":"https:\/\/feuerwehr-juetrichau.de\/index.php?rest_route=\/wp\/v2\/pages\/133\/revisions"}],"predecessor-version":[{"id":1053,"href":"https:\/\/feuerwehr-juetrichau.de\/index.php?rest_route=\/wp\/v2\/pages\/133\/revisions\/1053"}],"wp:attachment":[{"href":"https:\/\/feuerwehr-juetrichau.de\/index.php?rest_route=%2Fwp%2Fv2%2Fmedia&parent=133"}],"curies":[{"name":"wp","href":"https:\/\/api.w.org\/{rel}","templated":true}]}}