{"id":169,"date":"2016-12-15T10:07:44","date_gmt":"2016-12-15T09:07:44","guid":{"rendered":"http:\/\/feuerwehr.feuerwehr-juetrichau.de\/?page_id=169"},"modified":"2025-12-19T08:36:59","modified_gmt":"2025-12-19T07:36:59","slug":"dienstplan","status":"publish","type":"page","link":"https:\/\/feuerwehr-juetrichau.de\/?page_id=169","title":{"rendered":"Dienstplan"},"content":{"rendered":"\n<figure class=\"wp-block-table\"><table><tbody><tr><td><strong>Datum<\/strong><\/td><td><strong>Thema<\/strong><\/td><\/tr><tr><td>07.01.2026<\/td><td>Neujahrsempfang<\/td><\/tr><tr><td>10.01.2026<\/td><td>Absicherung Weihnachtsbaumverbrennen<\/td><\/tr><tr><td>14.01.2026<\/td><td>UVV + Jahresunterweisungen<\/td><\/tr><tr><td>16.01.2026<\/td><td>Jahreshauptversammlung Verein<\/td><\/tr><tr><td>17.01.2026<\/td><td>MKS - praktische Ausbildung<\/td><\/tr><tr><td>21.01.2026<\/td><td>Funkausbildung Digitalfunk<\/td><\/tr><tr><td>28.01.2026<\/td><td>UVV-AGT + ggf. Nachbelehrung<\/td><\/tr><tr><td>04.02.2026<\/td><td>FwDV 3 - Theorie<\/td><\/tr><tr><td>07.02.2026<\/td><td>MKS - praktische Ausbildung<\/td><\/tr><tr><td>11.02.2026<\/td><td>Atemschutz Kriechkeller + Belastungs\u00fcbung<\/td><\/tr><tr><td>18.02.2026<\/td><td>Knotenkunde<\/td><\/tr><tr><td>21.02.2026<\/td><td>Schlachten<\/td><\/tr><tr><td>25.02.2026<\/td><td>Fahrzeug- u. Ger\u00e4tekunde \/ Reinigung GH<\/td><\/tr><tr><td>04.03.2026<\/td><td>Licht &amp; Strom - Einsatzstellenausleuchtung<\/td><\/tr><tr><td>11.03.2026<\/td><td>FwDV 3 - L\u00f6schangriff<\/td><\/tr><tr><td>13.03.2026<\/td><td>Jahreshauptversammlung<\/td><\/tr><tr><td>18.03.2026<\/td><td>techn. Hilfeleistung - VKU<\/td><\/tr><tr><td>25.03.2026<\/td><td>FwDV 10 - Leiterausbildung<\/td><\/tr><tr><td>01.04.2026<\/td><td>Vorbereitung Osterfeuer<\/td><\/tr><tr><td>04.04.2026<\/td><td>Absicherung Osterfeuer<\/td><\/tr><tr><td>08.04.2026<\/td><td>technischer Dienst<\/td><\/tr><tr><td>15.04.2026<\/td><td>Wasserf\u00f6rderung lange Wegestrecke (Brunnen)<\/td><\/tr><tr><td>18.04.2026<\/td><td>TH- Ausbildungssamstag<\/td><\/tr><tr><td>22.04.2026<\/td><td>Fahzeugpflege &amp; Wartung<\/td><\/tr><tr><td>29.04.2026<\/td><td>MKS + Sichern und Transport von Lasten<\/td><\/tr><tr><td>30.04.2026<\/td><td>Unterst\u00fctzung Maibaumsetzen<\/td><\/tr><tr><td>06.05.2026<\/td><td>Vegetationsbrandbek\u00e4mpfung + Strahlrohrtraining<\/td><\/tr><tr><td>13.05.2026<\/td><td>TH- Ausbildung Heben v. Lasten<\/td><\/tr><tr><td>20.05.2026<\/td><td>Training Innenangriff (T\u00fcr\u00f6ffnung + RG-K\u00fchlung)<\/td><\/tr><tr><td>27.05.2026<\/td><td>Wasserentnahme L\u00f6schbrunnen<\/td><\/tr><tr><td>03.06.2026<\/td><td>Dienstsport<\/td><\/tr><tr><td>10.06.2026<\/td><td>ABC-Ausbildung Gefahrgut<\/td><\/tr><tr><td>17.06.2026<\/td><td>Maschinistenausb. L\u00f6schbrunnen<\/td><\/tr><tr><td>24.06.2026<\/td><td>Halbjahresauswertung (Grillen)<\/td><\/tr><\/tbody><\/table><\/figure>\n","protected":false},"excerpt":{"rendered":"<p>Datum Thema 07.01.2026 Neujahrsempfang 10.01.2026 Absicherung Weihnachtsbaumverbrennen 14.01.2026 UVV + Jahresunterweisungen 16.01.2026 Jahreshauptversammlung Verein 17.01.2026 MKS - praktische Ausbildung 21.01.2026 Funkausbildung Digitalfunk 28.01.2026 UVV-AGT + ggf. Nachbelehrung 04.02.2026 FwDV 3 - Theorie 07.02.2026 MKS - praktische Ausbildung 11.02.2026 Atemschutz Kriechkeller + Belastungs\u00fcbung 18.02.2026 Knotenkunde 21.02.2026 Schlachten 25.02.2026 Fahrzeug- u. Ger\u00e4tekunde \/ Reinigung GH 04.03.2026 Licht <a class=\"read-more\" href=\"https:\/\/feuerwehr-juetrichau.de\/?page_id=169\">... weiterlesen <span class=\"meta-nav\">&rarr;<\/span><\/a><\/p>\n","protected":false},"author":2,"featured_media":0,"parent":0,"menu_order":0,"comment_status":"closed","ping_status":"closed","template":"","meta":{"footnotes":""},"class_list":["post-169","page","type-page","status-publish","hentry"],"_links":{"self":[{"href":"https:\/\/feuerwehr-juetrichau.de\/index.php?rest_route=\/wp\/v2\/pages\/169","targetHints":{"allow":["GET"]}}],"collection":[{"href":"https:\/\/feuerwehr-juetrichau.de\/index.php?rest_route=\/wp\/v2\/pages"}],"about":[{"href":"https:\/\/feuerwehr-juetrichau.de\/index.php?rest_route=\/wp\/v2\/types\/page"}],"author":[{"embeddable":true,"href":"https:\/\/feuerwehr-juetrichau.de\/index.php?rest_route=\/wp\/v2\/users\/2"}],"replies":[{"embeddable":true,"href":"https:\/\/feuerwehr-juetrichau.de\/index.php?rest_route=%2Fwp%2Fv2%2Fcomments&post=169"}],"version-history":[{"count":33,"href":"https:\/\/feuerwehr-juetrichau.de\/index.php?rest_route=\/wp\/v2\/pages\/169\/revisions"}],"predecessor-version":[{"id":1726,"href":"https:\/\/feuerwehr-juetrichau.de\/index.php?rest_route=\/wp\/v2\/pages\/169\/revisions\/1726"}],"wp:attachment":[{"href":"https:\/\/feuerwehr-juetrichau.de\/index.php?rest_route=%2Fwp%2Fv2%2Fmedia&parent=169"}],"curies":[{"name":"wp","href":"https:\/\/api.w.org\/{rel}","templated":true}]}}