{"id":257,"date":"2017-03-06T08:31:20","date_gmt":"2017-03-06T07:31:20","guid":{"rendered":"http:\/\/feuerwehr.feuerwehr-juetrichau.de\/?page_id=257"},"modified":"2022-09-20T08:41:03","modified_gmt":"2022-09-20T06:41:03","slug":"unsere-sponsoren","status":"publish","type":"page","link":"https:\/\/feuerwehr-juetrichau.de\/?page_id=257","title":{"rendered":"unsere Sponsoren"},"content":{"rendered":"\n<p class=\"has-text-align-center\">Jede Unterst\u00fctzung, jede Spende zeigt eine Wertsch\u00e4tzung unserer Arbeit und ermuntert uns, all unsere Kraft verst\u00e4rkt einzubringen. Unser Ziel ist es, auch in Zukunft den Brandschutz und die Hilfeleistung in unserem Dorf und im Umland nachhaltig zu f\u00f6rdern. An dieser Stelle m\u00f6chten wir uns bei den Sponsoren und Unterst\u00fctzern der 125-Jahr-Feier ganz herzlich bedanken:<\/p>\n\n\n\n<p class=\"has-text-align-center\">Agrargesellschaft J\u00fctrichau mbH<br>Marina Bergt<br>Pakendorf<\/p>\n\n\n\n<hr class=\"wp-block-separator has-alpha-channel-opacity\"\/>\n\n\n\n<p class=\"has-text-align-center\">Anhalt-Bitterfelder Kreiswerke GmbH<br>Heike Schrader<br>Straguth<\/p>\n\n\n\n<hr class=\"wp-block-separator has-alpha-channel-opacity\"\/>\n\n\n\n<p class=\"has-text-align-center\">MSP M\u00fcller Steuerberater Partnerschaftsgesellschaft mbB<br>Christiane M\u00fcller<br>Zerbst<\/p>\n\n\n\n<hr class=\"wp-block-separator has-alpha-channel-opacity\"\/>\n\n\n\n<p class=\"has-text-align-center\">Semcoglas GmbH <br>Matthias Schmidt<br>Zerbst<\/p>\n\n\n\n<hr class=\"wp-block-separator has-alpha-channel-opacity\"\/>\n\n\n\n<p class=\"has-text-align-center\">MR-Carservice<br>Mario R\u00f6ring<br>J\u00fctrichau<\/p>\n\n\n\n<hr class=\"wp-block-separator has-alpha-channel-opacity\"\/>\n\n\n\n<p class=\"has-text-align-center\">FA-KA-Zerbst Fahrzeug- und Karosseriewerk GmbH<br>Bj\u00f6rn Ruhe<\/p>\n\n\n\n<hr class=\"wp-block-separator has-alpha-channel-opacity\"\/>\n\n\n\n<p class=\"has-text-align-center\">Stadtwerke Zerbst GmbH<br>J\u00fcrgen Konratt<br>Zerbst<\/p>\n\n\n\n<hr class=\"wp-block-separator has-alpha-channel-opacity\"\/>\n\n\n\n<p class=\"has-text-align-center\">KFZ-Werkstatt <br>Stephan Wornowski<br>J\u00fctrichau<\/p>\n\n\n\n<hr class=\"wp-block-separator has-alpha-channel-opacity\"\/>\n\n\n\n<p class=\"has-text-align-center\">Allfein Feinkost GmbH &amp; Co. <br>Zweigniederlassung Zerbst<\/p>\n\n\n\n<hr class=\"wp-block-separator has-alpha-channel-opacity\"\/>\n\n\n\n<p class=\"has-text-align-center\">Windpark Zerbst GmbH<br>Florian Sens<br>Lietzo<\/p>\n\n\n\n<hr class=\"wp-block-separator has-alpha-channel-opacity\"\/>\n\n\n\n<p class=\"has-text-align-center\">bauSpezi E.Marks GmbH<br>Uwe Mohrmann<br>J\u00fctrichau<\/p>\n\n\n\n<hr class=\"wp-block-separator has-alpha-channel-opacity\"\/>\n\n\n\n<p class=\"has-text-align-center\">Kreissparkasse Anhalt-Bitterfeld<br>Bitterfeld<\/p>\n\n\n\n<hr class=\"wp-block-separator has-alpha-channel-opacity\"\/>\n\n\n\n<p class=\"has-text-align-center\">AVACON<br>Genthin<\/p>\n","protected":false},"excerpt":{"rendered":"<p>Jede Unterst\u00fctzung, jede Spende zeigt eine Wertsch\u00e4tzung unserer Arbeit und ermuntert uns, all unsere Kraft verst\u00e4rkt einzubringen. Unser Ziel ist es, auch in Zukunft den Brandschutz und die Hilfeleistung in unserem Dorf und im Umland nachhaltig zu f\u00f6rdern. An dieser Stelle m\u00f6chten wir uns bei den Sponsoren und Unterst\u00fctzern der 125-Jahr-Feier ganz herzlich bedanken: Agrargesellschaft <a class=\"read-more\" href=\"https:\/\/feuerwehr-juetrichau.de\/?page_id=257\">... weiterlesen <span class=\"meta-nav\">&rarr;<\/span><\/a><\/p>\n","protected":false},"author":1,"featured_media":0,"parent":0,"menu_order":0,"comment_status":"closed","ping_status":"closed","template":"","meta":{"footnotes":""},"class_list":["post-257","page","type-page","status-publish","hentry"],"_links":{"self":[{"href":"https:\/\/feuerwehr-juetrichau.de\/index.php?rest_route=\/wp\/v2\/pages\/257","targetHints":{"allow":["GET"]}}],"collection":[{"href":"https:\/\/feuerwehr-juetrichau.de\/index.php?rest_route=\/wp\/v2\/pages"}],"about":[{"href":"https:\/\/feuerwehr-juetrichau.de\/index.php?rest_route=\/wp\/v2\/types\/page"}],"author":[{"embeddable":true,"href":"https:\/\/feuerwehr-juetrichau.de\/index.php?rest_route=\/wp\/v2\/users\/1"}],"replies":[{"embeddable":true,"href":"https:\/\/feuerwehr-juetrichau.de\/index.php?rest_route=%2Fwp%2Fv2%2Fcomments&post=257"}],"version-history":[{"count":22,"href":"https:\/\/feuerwehr-juetrichau.de\/index.php?rest_route=\/wp\/v2\/pages\/257\/revisions"}],"predecessor-version":[{"id":1624,"href":"https:\/\/feuerwehr-juetrichau.de\/index.php?rest_route=\/wp\/v2\/pages\/257\/revisions\/1624"}],"wp:attachment":[{"href":"https:\/\/feuerwehr-juetrichau.de\/index.php?rest_route=%2Fwp%2Fv2%2Fmedia&parent=257"}],"curies":[{"name":"wp","href":"https:\/\/api.w.org\/{rel}","templated":true}]}}