{"id":26,"date":"2015-09-22T10:39:20","date_gmt":"2015-09-22T08:39:20","guid":{"rendered":"http:\/\/feuerwehr.feuerwehr-juetrichau.de\/?page_id=26"},"modified":"2025-01-19T18:10:36","modified_gmt":"2025-01-19T17:10:36","slug":"start","status":"publish","type":"page","link":"https:\/\/feuerwehr-juetrichau.de\/","title":{"rendered":"Willkommen"},"content":{"rendered":"\n<p><strong>Herzlich Willkommen auf den Internetseiten FFW J\u00fctrichau<br><\/strong><br>Mit unserer Homepage m\u00f6chten wir Sie, liebe B\u00fcrgerinnen und B\u00fcrger und Freunde der Feuerwehr, \u00fcber die Arbeit der Freiwilligen Feuerwehr im Allgemeinen und \u00fcber die M\u00f6glichkeiten der Freiwilligen Feuerwehr J\u00fctrichau im Besonderen informieren. Neben Bildern und Daten zu verschiedenen Eins\u00e4tzen und besonderen \u00dcbungen der letzten Jahre stellen wir Ihnen unsere Geschichte, unsere Jugendwehr und unsere Ausr\u00fcstung vor. \u00dcber die Navigationsleiste gelangen Sie zu den Unterseiten, um mehr \u00fcber uns und unsere Aktivit\u00e4ten zu erfahren.<\/p>\n\n\n\n<figure class=\"wp-block-image size-large\"><a href=\"https:\/\/feuerwehr-juetrichau.de\/wp-content\/uploads\/2022\/09\/wp-16638277577101261549552207926014-e1663828057627.jpg\"><img loading=\"lazy\" decoding=\"async\" width=\"1024\" height=\"369\" src=\"https:\/\/feuerwehr-juetrichau.de\/wp-content\/uploads\/2022\/09\/wp-16638277577101261549552207926014-e1663828057627-1024x369.jpg\" alt=\"\" class=\"wp-image-1625\" srcset=\"https:\/\/feuerwehr-juetrichau.de\/wp-content\/uploads\/2022\/09\/wp-16638277577101261549552207926014-e1663828057627-1024x369.jpg 1024w, https:\/\/feuerwehr-juetrichau.de\/wp-content\/uploads\/2022\/09\/wp-16638277577101261549552207926014-e1663828057627-300x108.jpg 300w, https:\/\/feuerwehr-juetrichau.de\/wp-content\/uploads\/2022\/09\/wp-16638277577101261549552207926014-e1663828057627-768x276.jpg 768w, https:\/\/feuerwehr-juetrichau.de\/wp-content\/uploads\/2022\/09\/wp-16638277577101261549552207926014-e1663828057627-1536x553.jpg 1536w, https:\/\/feuerwehr-juetrichau.de\/wp-content\/uploads\/2022\/09\/wp-16638277577101261549552207926014-e1663828057627-960x346.jpg 960w, https:\/\/feuerwehr-juetrichau.de\/wp-content\/uploads\/2022\/09\/wp-16638277577101261549552207926014-e1663828057627.jpg 1600w\" sizes=\"auto, (max-width: 1024px) 100vw, 1024px\" \/><\/a><\/figure>\n\n\n\n<hr class=\"wp-block-separator has-alpha-channel-opacity\"\/>\n","protected":false},"excerpt":{"rendered":"<p>Herzlich Willkommen auf den Internetseiten FFW J\u00fctrichauMit unserer Homepage m\u00f6chten wir Sie, liebe B\u00fcrgerinnen und B\u00fcrger und Freunde der Feuerwehr, \u00fcber die Arbeit der Freiwilligen Feuerwehr im Allgemeinen und \u00fcber die M\u00f6glichkeiten der Freiwilligen Feuerwehr J\u00fctrichau im Besonderen informieren. Neben Bildern und Daten zu verschiedenen Eins\u00e4tzen und besonderen \u00dcbungen der letzten Jahre stellen wir Ihnen <a class=\"read-more\" href=\"https:\/\/feuerwehr-juetrichau.de\/\">... weiterlesen <span class=\"meta-nav\">&rarr;<\/span><\/a><\/p>\n","protected":false},"author":1,"featured_media":0,"parent":0,"menu_order":1,"comment_status":"closed","ping_status":"closed","template":"","meta":{"footnotes":""},"class_list":["post-26","page","type-page","status-publish","hentry"],"_links":{"self":[{"href":"https:\/\/feuerwehr-juetrichau.de\/index.php?rest_route=\/wp\/v2\/pages\/26","targetHints":{"allow":["GET"]}}],"collection":[{"href":"https:\/\/feuerwehr-juetrichau.de\/index.php?rest_route=\/wp\/v2\/pages"}],"about":[{"href":"https:\/\/feuerwehr-juetrichau.de\/index.php?rest_route=\/wp\/v2\/types\/page"}],"author":[{"embeddable":true,"href":"https:\/\/feuerwehr-juetrichau.de\/index.php?rest_route=\/wp\/v2\/users\/1"}],"replies":[{"embeddable":true,"href":"https:\/\/feuerwehr-juetrichau.de\/index.php?rest_route=%2Fwp%2Fv2%2Fcomments&post=26"}],"version-history":[{"count":32,"href":"https:\/\/feuerwehr-juetrichau.de\/index.php?rest_route=\/wp\/v2\/pages\/26\/revisions"}],"predecessor-version":[{"id":1708,"href":"https:\/\/feuerwehr-juetrichau.de\/index.php?rest_route=\/wp\/v2\/pages\/26\/revisions\/1708"}],"wp:attachment":[{"href":"https:\/\/feuerwehr-juetrichau.de\/index.php?rest_route=%2Fwp%2Fv2%2Fmedia&parent=26"}],"curies":[{"name":"wp","href":"https:\/\/api.w.org\/{rel}","templated":true}]}}