{"id":52,"date":"2015-09-24T21:46:08","date_gmt":"2015-09-24T19:46:08","guid":{"rendered":"http:\/\/feuerwehr.feuerwehr-juetrichau.de\/?page_id=52"},"modified":"2018-05-03T15:47:58","modified_gmt":"2018-05-03T13:47:58","slug":"52-2","status":"publish","type":"page","link":"https:\/\/feuerwehr-juetrichau.de\/?page_id=52","title":{"rendered":"Impressum"},"content":{"rendered":"<p><strong>Angaben gem\u00e4\u00df \u00a7 5 TMG<\/strong><\/p>\n<p><strong>Markus Pfeifer<\/strong><br \/>\nZerbster Stra\u00dfe 3<br \/>\n39264 J\u00fctrichau<\/p>\n<p><strong><u>Kontakt<\/u><\/strong><br \/>\nfon<strong>: \u00a0\u00a0\u00a0 <\/strong>0171\/6819169<strong><br \/>\n<\/strong>mail:\u00a0\u00a0\u00a0 markus-pfeifer@juetrichau.de<\/p>\n<p><strong>Hinweis zur Nutzung der Kontaktdaten<\/strong><br \/>\nDer Nutzung von im Rahmen der Impressumspflicht ver\u00f6ffentlichten Kontaktdaten durch Dritte zur \u00dcbersendung von nicht ausdr\u00fccklich angeforderter Werbung und Informationsmaterialien wird hiermit ausdr\u00fccklich widersprochen. Die Betreiber der Seiten behalten sich ausdr\u00fccklich rechtliche Schritte im Falle der unverlangten Zusendung von Werbeinformationen, etwa durch Spam-Mails, vor.<\/p>\n","protected":false},"excerpt":{"rendered":"<p>Angaben gem\u00e4\u00df \u00a7 5 TMG Markus Pfeifer Zerbster Stra\u00dfe 3 39264 J\u00fctrichau Kontakt fon: \u00a0\u00a0\u00a0 0171\/6819169 mail:\u00a0\u00a0\u00a0 markus-pfeifer@juetrichau.de Hinweis zur Nutzung der Kontaktdaten Der Nutzung von im Rahmen der Impressumspflicht ver\u00f6ffentlichten Kontaktdaten durch Dritte zur \u00dcbersendung von nicht ausdr\u00fccklich angeforderter Werbung und Informationsmaterialien wird hiermit ausdr\u00fccklich widersprochen. Die Betreiber der Seiten behalten sich ausdr\u00fccklich rechtliche <a class=\"read-more\" href=\"https:\/\/feuerwehr-juetrichau.de\/?page_id=52\">... weiterlesen <span class=\"meta-nav\">&rarr;<\/span><\/a><\/p>\n","protected":false},"author":1,"featured_media":0,"parent":0,"menu_order":0,"comment_status":"closed","ping_status":"closed","template":"","meta":{"footnotes":""},"class_list":["post-52","page","type-page","status-publish","hentry"],"_links":{"self":[{"href":"https:\/\/feuerwehr-juetrichau.de\/index.php?rest_route=\/wp\/v2\/pages\/52","targetHints":{"allow":["GET"]}}],"collection":[{"href":"https:\/\/feuerwehr-juetrichau.de\/index.php?rest_route=\/wp\/v2\/pages"}],"about":[{"href":"https:\/\/feuerwehr-juetrichau.de\/index.php?rest_route=\/wp\/v2\/types\/page"}],"author":[{"embeddable":true,"href":"https:\/\/feuerwehr-juetrichau.de\/index.php?rest_route=\/wp\/v2\/users\/1"}],"replies":[{"embeddable":true,"href":"https:\/\/feuerwehr-juetrichau.de\/index.php?rest_route=%2Fwp%2Fv2%2Fcomments&post=52"}],"version-history":[{"count":5,"href":"https:\/\/feuerwehr-juetrichau.de\/index.php?rest_route=\/wp\/v2\/pages\/52\/revisions"}],"predecessor-version":[{"id":585,"href":"https:\/\/feuerwehr-juetrichau.de\/index.php?rest_route=\/wp\/v2\/pages\/52\/revisions\/585"}],"wp:attachment":[{"href":"https:\/\/feuerwehr-juetrichau.de\/index.php?rest_route=%2Fwp%2Fv2%2Fmedia&parent=52"}],"curies":[{"name":"wp","href":"https:\/\/api.w.org\/{rel}","templated":true}]}}