{"id":77,"date":"2016-10-27T14:26:31","date_gmt":"2016-10-27T12:26:31","guid":{"rendered":"http:\/\/feuerwehr.feuerwehr-juetrichau.de\/?page_id=77"},"modified":"2021-12-03T15:51:22","modified_gmt":"2021-12-03T14:51:22","slug":"ueber-uns","status":"publish","type":"page","link":"https:\/\/feuerwehr-juetrichau.de\/?page_id=77","title":{"rendered":"\u00dcber uns"},"content":{"rendered":"\n<div class=\"wp-block-group\"><div class=\"wp-block-group__inner-container is-layout-flow wp-block-group-is-layout-flow\">\n<div class=\"content-header\">\n<div>\n<p>Wer sind wir ?<br>In der Ortschaft J\u00fctrichau&nbsp; sind wir ein Team von&nbsp;mehr als 20&nbsp;Feuerwehrfrauen und Feuerwehrm\u00e4nnern.<\/p>\n<\/div>\n<p>Was tun wir ?<br>Wir sind 24 Stunden am Tag 365 Tage im Jahr f\u00fcr die B\u00fcrger\/innen&nbsp;in J\u00fctrichau und Umgebung&nbsp;in Bereitschaft. Ob bei Feuer, umgest\u00fcrzten Baum, Verkehrsunfall oder Wasser im Keller. Wir helfen immer und jedem. Neben den Eins\u00e4tzen trainieren wir und bilden uns weiter. Circa 10-&nbsp;12 mal im Jahr r\u00fccken wir aus um den Menschen zur Hilfe zu eilen. Wir halten uns k\u00f6rperlich fit, um den Anforderungen des Feuerwehrdienstes gewachsen zu sein.<\/p>\n<p>Was zeichnet uns aus ?<br>Wir sind Spezialisten im Team. Jeder von uns bringt eine abgeschlossene Berufsausbildung mit zur Feuerwehr oder bildet sich auf speziellen Gebieten weiter. Das macht uns zu individuellen Spezialisten, doch funktionieren wir am besten im Kollektiv. Da wir eine kleine freiwillige Feuerwehr sind muss jeder alles k\u00f6nnen, dass ist unser Vorteil. Das macht uns universell einsetzbar und unseren Feuerwehrdienst abwechslungsreich.<\/p>\n<\/div>\n<\/div><\/div>\n\n\n\n<p><\/p>\n","protected":false},"excerpt":{"rendered":"<p>Wer sind wir ?In der Ortschaft J\u00fctrichau&nbsp; sind wir ein Team von&nbsp;mehr als 20&nbsp;Feuerwehrfrauen und Feuerwehrm\u00e4nnern. Was tun wir ?Wir sind 24 Stunden am Tag 365 Tage im Jahr f\u00fcr die B\u00fcrger\/innen&nbsp;in J\u00fctrichau und Umgebung&nbsp;in Bereitschaft. Ob bei Feuer, umgest\u00fcrzten Baum, Verkehrsunfall oder Wasser im Keller. Wir helfen immer und jedem. Neben den Eins\u00e4tzen trainieren <a class=\"read-more\" href=\"https:\/\/feuerwehr-juetrichau.de\/?page_id=77\">... weiterlesen <span class=\"meta-nav\">&rarr;<\/span><\/a><\/p>\n","protected":false},"author":1,"featured_media":0,"parent":0,"menu_order":0,"comment_status":"closed","ping_status":"closed","template":"","meta":{"footnotes":""},"class_list":["post-77","page","type-page","status-publish","hentry"],"_links":{"self":[{"href":"https:\/\/feuerwehr-juetrichau.de\/index.php?rest_route=\/wp\/v2\/pages\/77","targetHints":{"allow":["GET"]}}],"collection":[{"href":"https:\/\/feuerwehr-juetrichau.de\/index.php?rest_route=\/wp\/v2\/pages"}],"about":[{"href":"https:\/\/feuerwehr-juetrichau.de\/index.php?rest_route=\/wp\/v2\/types\/page"}],"author":[{"embeddable":true,"href":"https:\/\/feuerwehr-juetrichau.de\/index.php?rest_route=\/wp\/v2\/users\/1"}],"replies":[{"embeddable":true,"href":"https:\/\/feuerwehr-juetrichau.de\/index.php?rest_route=%2Fwp%2Fv2%2Fcomments&post=77"}],"version-history":[{"count":5,"href":"https:\/\/feuerwehr-juetrichau.de\/index.php?rest_route=\/wp\/v2\/pages\/77\/revisions"}],"predecessor-version":[{"id":1481,"href":"https:\/\/feuerwehr-juetrichau.de\/index.php?rest_route=\/wp\/v2\/pages\/77\/revisions\/1481"}],"wp:attachment":[{"href":"https:\/\/feuerwehr-juetrichau.de\/index.php?rest_route=%2Fwp%2Fv2%2Fmedia&parent=77"}],"curies":[{"name":"wp","href":"https:\/\/api.w.org\/{rel}","templated":true}]}}