{"id":81,"date":"2016-10-27T14:27:01","date_gmt":"2016-10-27T12:27:01","guid":{"rendered":"http:\/\/feuerwehr.feuerwehr-juetrichau.de\/?page_id=81"},"modified":"2016-10-30T15:20:00","modified_gmt":"2016-10-30T13:20:00","slug":"kinderfeuerwehr","status":"publish","type":"page","link":"https:\/\/feuerwehr-juetrichau.de\/?page_id=81","title":{"rendered":"Kinderfeuerwehr"},"content":{"rendered":"<p>Die\u00a0\"J\u00fctrichauer L\u00f6schzwerge\" ist die Kinderfeuerwehr unserer Ortswehr.<br \/>\nWir f\u00fchren die Kinder spielerisch und mit viel Spa\u00df an das Thema Feuerwehr heran und sorgen somit f\u00fcr unseren Feuerwehrnachwuchs.\u00a0Wir als Ortswehr der Stadt Zerbst\/ Anhalt wollen mit der Kinderfeuerwehr auch einen Teil der Jugendarbeit im Feuerwehrwesen \u00fcbernehmen.<\/p>\n<p><a href=\"https:\/\/feuerwehr-juetrichau.de\/wp-content\/uploads\/2016\/10\/Kinder-02.03.2013-1.jpg\"><img loading=\"lazy\" decoding=\"async\" class=\"size-full wp-image-105 aligncenter\" src=\"https:\/\/feuerwehr-juetrichau.de\/wp-content\/uploads\/2016\/10\/Kinder-02.03.2013-1.jpg\" alt=\"\" width=\"295\" height=\"268\" \/><\/a><\/p>\n<p>Unser Ziel soll es dabei sein,in den Kindern fr\u00fch die Begeisterung f\u00fcr die Feuerwehr zu wecken.\u00a0Ein regelm\u00e4\u00dfiger Dienst\u00a0findet alle zwei Wochen statt und wird nicht l\u00e4nger als 1 1\/2 Stunden dauern.<br \/>\n<strong>Also wenn ihr Lust habt auf<\/strong><\/p>\n<p>- Brandschutzerziehung<br \/>\n-\u00a0Wasserspiele<br \/>\n- Verkehrserziehung<br \/>\n- Umweltschutz<br \/>\n- Ausfl\u00fcge<br \/>\n- Basteln<br \/>\n- Erste Hilfe<br \/>\n- Sport\u00a0und Schwimmen<br \/>\n<strong><br \/>\n!!! DANN SEID IHR BEI UNS RICHTIG !!!<br \/>\n<\/strong><br \/>\nHaben wir euer Interesse geweckt?<br \/>\nMeldet euch einfach bei uns, ihr erfahrt dann alles Weitere.<\/p>\n<p><strong>Wir freuen uns auf Euch !!!<\/strong><\/p>\n","protected":false},"excerpt":{"rendered":"<p>Die\u00a0\"J\u00fctrichauer L\u00f6schzwerge\" ist die Kinderfeuerwehr unserer Ortswehr. Wir f\u00fchren die Kinder spielerisch und mit viel Spa\u00df an das Thema Feuerwehr heran und sorgen somit f\u00fcr unseren Feuerwehrnachwuchs.\u00a0Wir als Ortswehr der Stadt Zerbst\/ Anhalt wollen mit der Kinderfeuerwehr auch einen Teil der Jugendarbeit im Feuerwehrwesen \u00fcbernehmen. Unser Ziel soll es dabei sein,in den Kindern fr\u00fch die <a class=\"read-more\" href=\"https:\/\/feuerwehr-juetrichau.de\/?page_id=81\">... weiterlesen <span class=\"meta-nav\">&rarr;<\/span><\/a><\/p>\n","protected":false},"author":1,"featured_media":0,"parent":0,"menu_order":0,"comment_status":"closed","ping_status":"closed","template":"","meta":{"footnotes":""},"class_list":["post-81","page","type-page","status-publish","hentry"],"_links":{"self":[{"href":"https:\/\/feuerwehr-juetrichau.de\/index.php?rest_route=\/wp\/v2\/pages\/81","targetHints":{"allow":["GET"]}}],"collection":[{"href":"https:\/\/feuerwehr-juetrichau.de\/index.php?rest_route=\/wp\/v2\/pages"}],"about":[{"href":"https:\/\/feuerwehr-juetrichau.de\/index.php?rest_route=\/wp\/v2\/types\/page"}],"author":[{"embeddable":true,"href":"https:\/\/feuerwehr-juetrichau.de\/index.php?rest_route=\/wp\/v2\/users\/1"}],"replies":[{"embeddable":true,"href":"https:\/\/feuerwehr-juetrichau.de\/index.php?rest_route=%2Fwp%2Fv2%2Fcomments&post=81"}],"version-history":[{"count":3,"href":"https:\/\/feuerwehr-juetrichau.de\/index.php?rest_route=\/wp\/v2\/pages\/81\/revisions"}],"predecessor-version":[{"id":106,"href":"https:\/\/feuerwehr-juetrichau.de\/index.php?rest_route=\/wp\/v2\/pages\/81\/revisions\/106"}],"wp:attachment":[{"href":"https:\/\/feuerwehr-juetrichau.de\/index.php?rest_route=%2Fwp%2Fv2%2Fmedia&parent=81"}],"curies":[{"name":"wp","href":"https:\/\/api.w.org\/{rel}","templated":true}]}}