{"id":97,"date":"2016-10-27T14:30:37","date_gmt":"2016-10-27T12:30:37","guid":{"rendered":"http:\/\/feuerwehr.feuerwehr-juetrichau.de\/?page_id=97"},"modified":"2020-08-03T15:05:24","modified_gmt":"2020-08-03T13:05:24","slug":"technik","status":"publish","type":"page","link":"https:\/\/feuerwehr-juetrichau.de\/?page_id=97","title":{"rendered":"Technik"},"content":{"rendered":"\n<p>Die Freiwillige Feuerwehr J\u00fctrichau unterh\u00e4lt 2 Fahrzeuge und zwei Anh\u00e4nger. Die Fahrzeuge sind ein TSF-W\/S auf Mercedes-Basis sowie ein MZF auf Basis eines VW Crafter.<\/p>\n\n\n\n<figure class=\"wp-block-gallery columns-3 is-cropped wp-block-gallery-1 is-layout-flex wp-block-gallery-is-layout-flex\"><ul class=\"blocks-gallery-grid\"><li class=\"blocks-gallery-item\"><figure><a href=\"https:\/\/feuerwehr-juetrichau.de\/wp-content\/uploads\/2017\/01\/auto1.jpg\"><img loading=\"lazy\" decoding=\"async\" width=\"230\" height=\"172\" src=\"https:\/\/feuerwehr-juetrichau.de\/wp-content\/uploads\/2017\/01\/auto1.jpg\" alt=\"\" data-id=\"184\" data-full-url=\"https:\/\/feuerwehr-juetrichau.de\/wp-content\/uploads\/2017\/01\/auto1.jpg\" data-link=\"https:\/\/feuerwehr-juetrichau.de\/?attachment_id=184\" class=\"wp-image-184\"\/><\/a><\/figure><\/li><li class=\"blocks-gallery-item\"><figure><a href=\"https:\/\/feuerwehr-juetrichau.de\/wp-content\/uploads\/2017\/01\/Fahrzeug-10.jpg\"><img loading=\"lazy\" decoding=\"async\" width=\"230\" height=\"173\" src=\"https:\/\/feuerwehr-juetrichau.de\/wp-content\/uploads\/2017\/01\/Fahrzeug-10.jpg\" alt=\"\" data-id=\"198\" data-full-url=\"https:\/\/feuerwehr-juetrichau.de\/wp-content\/uploads\/2017\/01\/Fahrzeug-10.jpg\" data-link=\"https:\/\/feuerwehr-juetrichau.de\/?attachment_id=198\" class=\"wp-image-198\"\/><\/a><\/figure><\/li><li class=\"blocks-gallery-item\"><figure><a href=\"https:\/\/feuerwehr-juetrichau.de\/wp-content\/uploads\/2017\/01\/Fahrzeug-19.jpg\"><img loading=\"lazy\" decoding=\"async\" width=\"230\" height=\"173\" src=\"https:\/\/feuerwehr-juetrichau.de\/wp-content\/uploads\/2017\/01\/Fahrzeug-19.jpg\" alt=\"\" data-id=\"206\" data-full-url=\"https:\/\/feuerwehr-juetrichau.de\/wp-content\/uploads\/2017\/01\/Fahrzeug-19.jpg\" data-link=\"https:\/\/feuerwehr-juetrichau.de\/?attachment_id=206\" class=\"wp-image-206\"\/><\/a><\/figure><\/li><\/ul><\/figure>\n","protected":false},"excerpt":{"rendered":"<p>Die Freiwillige Feuerwehr J\u00fctrichau unterh\u00e4lt 2 Fahrzeuge und zwei Anh\u00e4nger. Die Fahrzeuge sind ein TSF-W\/S auf Mercedes-Basis sowie ein MZF auf Basis eines VW Crafter.<\/p>\n","protected":false},"author":1,"featured_media":0,"parent":0,"menu_order":0,"comment_status":"closed","ping_status":"closed","template":"","meta":{"footnotes":""},"class_list":["post-97","page","type-page","status-publish","hentry"],"_links":{"self":[{"href":"https:\/\/feuerwehr-juetrichau.de\/index.php?rest_route=\/wp\/v2\/pages\/97","targetHints":{"allow":["GET"]}}],"collection":[{"href":"https:\/\/feuerwehr-juetrichau.de\/index.php?rest_route=\/wp\/v2\/pages"}],"about":[{"href":"https:\/\/feuerwehr-juetrichau.de\/index.php?rest_route=\/wp\/v2\/types\/page"}],"author":[{"embeddable":true,"href":"https:\/\/feuerwehr-juetrichau.de\/index.php?rest_route=\/wp\/v2\/users\/1"}],"replies":[{"embeddable":true,"href":"https:\/\/feuerwehr-juetrichau.de\/index.php?rest_route=%2Fwp%2Fv2%2Fcomments&post=97"}],"version-history":[{"count":4,"href":"https:\/\/feuerwehr-juetrichau.de\/index.php?rest_route=\/wp\/v2\/pages\/97\/revisions"}],"predecessor-version":[{"id":1057,"href":"https:\/\/feuerwehr-juetrichau.de\/index.php?rest_route=\/wp\/v2\/pages\/97\/revisions\/1057"}],"wp:attachment":[{"href":"https:\/\/feuerwehr-juetrichau.de\/index.php?rest_route=%2Fwp%2Fv2%2Fmedia&parent=97"}],"curies":[{"name":"wp","href":"https:\/\/api.w.org\/{rel}","templated":true}]}}